{"id":25,"date":"2020-11-11T11:27:15","date_gmt":"2020-11-11T11:27:15","guid":{"rendered":"https:\/\/themes.muffingroup.com\/be\/scooterrental\/?page_id=25"},"modified":"2026-03-29T13:03:46","modified_gmt":"2026-03-29T11:03:46","slug":"toate-obiectivele-2","status":"publish","type":"page","link":"https:\/\/primariabuzau.ro\/patrimoniu\/","title":{"rendered":"Toate obiectivele"},"content":{"rendered":"","protected":false},"excerpt":{"rendered":"","protected":false},"author":1,"featured_media":151,"parent":0,"menu_order":0,"comment_status":"closed","ping_status":"closed","template":"","meta":{"footnotes":""},"class_list":["post-25","page","type-page","status-publish","has-post-thumbnail","hentry"],"yoast_head":"<!-- This site is optimized with the Yoast SEO plugin v26.5 - https:\/\/yoast.com\/wordpress\/plugins\/seo\/ -->\n<title>Toate obiectivele | Patrimoniu QR Buz\u0103u<\/title>\n<meta name=\"description\" content=\"Descoper\u0103 case, cl\u0103diri, expozi\u021bii, l\u0103ca\u0219e de cult, monumente, parcuri, \u0219coli sculpturi, statui \u0219i alte repere de interes turistic din ora\u0219ul Buz\u0103u.\" \/>\n<meta name=\"robots\" content=\"index, follow, max-snippet:-1, max-image-preview:large, max-video-preview:-1\" \/>\n<link rel=\"canonical\" href=\"https:\/\/primariabuzau.ro\/patrimoniu\/\" \/>\n<meta property=\"og:locale\" content=\"en_US\" \/>\n<meta property=\"og:type\" content=\"article\" \/>\n<meta property=\"og:title\" content=\"Toate obiectivele | Patrimoniu QR Buz\u0103u\" \/>\n<meta property=\"og:description\" content=\"Descoper\u0103 case, cl\u0103diri, expozi\u021bii, l\u0103ca\u0219e de cult, monumente, parcuri, \u0219coli sculpturi, statui \u0219i alte repere de interes turistic din ora\u0219ul Buz\u0103u.\" \/>\n<meta property=\"og:url\" content=\"https:\/\/primariabuzau.ro\/patrimoniu\/\" \/>\n<meta property=\"og:site_name\" content=\"Patrimoniu QR Buz\u0103u\" \/>\n<meta property=\"article:modified_time\" content=\"2026-03-29T11:03:46+00:00\" \/>\n<meta property=\"og:image\" content=\"https:\/\/primariabuzau.ro\/patrimoniu\/wp-content\/uploads\/2022\/11\/Zarr-Pasaj-Unirii2-1030x636-1.jpg\" \/>\n\t<meta property=\"og:image:width\" content=\"1030\" \/>\n\t<meta property=\"og:image:height\" content=\"636\" \/>\n\t<meta property=\"og:image:type\" content=\"image\/jpeg\" \/>\n<meta name=\"twitter:card\" content=\"summary_large_image\" \/>\n<meta name=\"twitter:label1\" content=\"Est. reading time\" \/>\n\t<meta name=\"twitter:data1\" content=\"1 minute\" \/>\n<script type=\"application\/ld+json\" class=\"yoast-schema-graph\">{\"@context\":\"https:\/\/schema.org\",\"@graph\":[{\"@type\":\"WebPage\",\"@id\":\"https:\/\/primariabuzau.ro\/patrimoniu\/\",\"url\":\"https:\/\/primariabuzau.ro\/patrimoniu\/\",\"name\":\"Toate obiectivele | Patrimoniu QR Buz\u0103u\",\"isPartOf\":{\"@id\":\"https:\/\/primariabuzau.ro\/patrimoniu\/#website\"},\"primaryImageOfPage\":{\"@id\":\"https:\/\/primariabuzau.ro\/patrimoniu\/#primaryimage\"},\"image\":{\"@id\":\"https:\/\/primariabuzau.ro\/patrimoniu\/#primaryimage\"},\"thumbnailUrl\":\"https:\/\/primariabuzau.ro\/patrimoniu\/wp-content\/uploads\/2022\/11\/Zarr-Pasaj-Unirii2-1030x636-1.jpg\",\"datePublished\":\"2020-11-11T11:27:15+00:00\",\"dateModified\":\"2026-03-29T11:03:46+00:00\",\"description\":\"Descoper\u0103 case, cl\u0103diri, expozi\u021bii, l\u0103ca\u0219e de cult, monumente, parcuri, \u0219coli sculpturi, statui \u0219i alte repere de interes turistic din ora\u0219ul Buz\u0103u.\",\"breadcrumb\":{\"@id\":\"https:\/\/primariabuzau.ro\/patrimoniu\/#breadcrumb\"},\"inLanguage\":\"en-US\",\"potentialAction\":[{\"@type\":\"ReadAction\",\"target\":[\"https:\/\/primariabuzau.ro\/patrimoniu\/\"]}]},{\"@type\":\"ImageObject\",\"inLanguage\":\"en-US\",\"@id\":\"https:\/\/primariabuzau.ro\/patrimoniu\/#primaryimage\",\"url\":\"https:\/\/primariabuzau.ro\/patrimoniu\/wp-content\/uploads\/2022\/11\/Zarr-Pasaj-Unirii2-1030x636-1.jpg\",\"contentUrl\":\"https:\/\/primariabuzau.ro\/patrimoniu\/wp-content\/uploads\/2022\/11\/Zarr-Pasaj-Unirii2-1030x636-1.jpg\",\"width\":1030,\"height\":636,\"caption\":\"Patrimoniu Cultural Buzau\"},{\"@type\":\"BreadcrumbList\",\"@id\":\"https:\/\/primariabuzau.ro\/patrimoniu\/#breadcrumb\",\"itemListElement\":[{\"@type\":\"ListItem\",\"position\":1,\"name\":\"Prima pagin\u0103\",\"item\":\"https:\/\/primariabuzau.ro\/patrimoniu\/\"},{\"@type\":\"ListItem\",\"position\":2,\"name\":\"Toate obiectivele\"}]},{\"@type\":\"WebSite\",\"@id\":\"https:\/\/primariabuzau.ro\/patrimoniu\/#website\",\"url\":\"https:\/\/primariabuzau.ro\/patrimoniu\/\",\"name\":\"Patrimoniu QR Buz\u0103u\",\"description\":\"Descoper\u0103 Buz\u0103ul\",\"publisher\":{\"@id\":\"https:\/\/primariabuzau.ro\/patrimoniu\/#organization\"},\"alternateName\":\"Descoper\u0103 ora\u0219ul\",\"potentialAction\":[{\"@type\":\"SearchAction\",\"target\":{\"@type\":\"EntryPoint\",\"urlTemplate\":\"https:\/\/primariabuzau.ro\/patrimoniu\/?s={search_term_string}\"},\"query-input\":{\"@type\":\"PropertyValueSpecification\",\"valueRequired\":true,\"valueName\":\"search_term_string\"}}],\"inLanguage\":\"en-US\"},{\"@type\":\"Organization\",\"@id\":\"https:\/\/primariabuzau.ro\/patrimoniu\/#organization\",\"name\":\"Prim\u0103ria Municipiului Buz\u0103u\",\"url\":\"https:\/\/primariabuzau.ro\/patrimoniu\/\",\"logo\":{\"@type\":\"ImageObject\",\"inLanguage\":\"en-US\",\"@id\":\"https:\/\/primariabuzau.ro\/patrimoniu\/#\/schema\/logo\/image\/\",\"url\":\"https:\/\/primariabuzau.ro\/patrimoniu\/wp-content\/uploads\/2022\/11\/Logo-Patrimoniu-Buzau.svg\",\"contentUrl\":\"https:\/\/primariabuzau.ro\/patrimoniu\/wp-content\/uploads\/2022\/11\/Logo-Patrimoniu-Buzau.svg\",\"caption\":\"Prim\u0103ria Municipiului Buz\u0103u\"},\"image\":{\"@id\":\"https:\/\/primariabuzau.ro\/patrimoniu\/#\/schema\/logo\/image\/\"}}]}<\/script>\n<!-- \/ Yoast SEO plugin. -->","yoast_head_json":{"title":"Toate obiectivele | Patrimoniu QR Buz\u0103u","description":"Descoper\u0103 case, cl\u0103diri, expozi\u021bii, l\u0103ca\u0219e de cult, monumente, parcuri, \u0219coli sculpturi, statui \u0219i alte repere de interes turistic din ora\u0219ul Buz\u0103u.","robots":{"index":"index","follow":"follow","max-snippet":"max-snippet:-1","max-image-preview":"max-image-preview:large","max-video-preview":"max-video-preview:-1"},"canonical":"https:\/\/primariabuzau.ro\/patrimoniu\/","og_locale":"en_US","og_type":"article","og_title":"Toate obiectivele | Patrimoniu QR Buz\u0103u","og_description":"Descoper\u0103 case, cl\u0103diri, expozi\u021bii, l\u0103ca\u0219e de cult, monumente, parcuri, \u0219coli sculpturi, statui \u0219i alte repere de interes turistic din ora\u0219ul Buz\u0103u.","og_url":"https:\/\/primariabuzau.ro\/patrimoniu\/","og_site_name":"Patrimoniu QR Buz\u0103u","article_modified_time":"2026-03-29T11:03:46+00:00","og_image":[{"width":1030,"height":636,"url":"https:\/\/primariabuzau.ro\/patrimoniu\/wp-content\/uploads\/2022\/11\/Zarr-Pasaj-Unirii2-1030x636-1.jpg","type":"image\/jpeg"}],"twitter_card":"summary_large_image","twitter_misc":{"Est. reading time":"1 minute"},"schema":{"@context":"https:\/\/schema.org","@graph":[{"@type":"WebPage","@id":"https:\/\/primariabuzau.ro\/patrimoniu\/","url":"https:\/\/primariabuzau.ro\/patrimoniu\/","name":"Toate obiectivele | Patrimoniu QR Buz\u0103u","isPartOf":{"@id":"https:\/\/primariabuzau.ro\/patrimoniu\/#website"},"primaryImageOfPage":{"@id":"https:\/\/primariabuzau.ro\/patrimoniu\/#primaryimage"},"image":{"@id":"https:\/\/primariabuzau.ro\/patrimoniu\/#primaryimage"},"thumbnailUrl":"https:\/\/primariabuzau.ro\/patrimoniu\/wp-content\/uploads\/2022\/11\/Zarr-Pasaj-Unirii2-1030x636-1.jpg","datePublished":"2020-11-11T11:27:15+00:00","dateModified":"2026-03-29T11:03:46+00:00","description":"Descoper\u0103 case, cl\u0103diri, expozi\u021bii, l\u0103ca\u0219e de cult, monumente, parcuri, \u0219coli sculpturi, statui \u0219i alte repere de interes turistic din ora\u0219ul Buz\u0103u.","breadcrumb":{"@id":"https:\/\/primariabuzau.ro\/patrimoniu\/#breadcrumb"},"inLanguage":"en-US","potentialAction":[{"@type":"ReadAction","target":["https:\/\/primariabuzau.ro\/patrimoniu\/"]}]},{"@type":"ImageObject","inLanguage":"en-US","@id":"https:\/\/primariabuzau.ro\/patrimoniu\/#primaryimage","url":"https:\/\/primariabuzau.ro\/patrimoniu\/wp-content\/uploads\/2022\/11\/Zarr-Pasaj-Unirii2-1030x636-1.jpg","contentUrl":"https:\/\/primariabuzau.ro\/patrimoniu\/wp-content\/uploads\/2022\/11\/Zarr-Pasaj-Unirii2-1030x636-1.jpg","width":1030,"height":636,"caption":"Patrimoniu Cultural Buzau"},{"@type":"BreadcrumbList","@id":"https:\/\/primariabuzau.ro\/patrimoniu\/#breadcrumb","itemListElement":[{"@type":"ListItem","position":1,"name":"Prima pagin\u0103","item":"https:\/\/primariabuzau.ro\/patrimoniu\/"},{"@type":"ListItem","position":2,"name":"Toate obiectivele"}]},{"@type":"WebSite","@id":"https:\/\/primariabuzau.ro\/patrimoniu\/#website","url":"https:\/\/primariabuzau.ro\/patrimoniu\/","name":"Patrimoniu QR Buz\u0103u","description":"Descoper\u0103 Buz\u0103ul","publisher":{"@id":"https:\/\/primariabuzau.ro\/patrimoniu\/#organization"},"alternateName":"Descoper\u0103 ora\u0219ul","potentialAction":[{"@type":"SearchAction","target":{"@type":"EntryPoint","urlTemplate":"https:\/\/primariabuzau.ro\/patrimoniu\/?s={search_term_string}"},"query-input":{"@type":"PropertyValueSpecification","valueRequired":true,"valueName":"search_term_string"}}],"inLanguage":"en-US"},{"@type":"Organization","@id":"https:\/\/primariabuzau.ro\/patrimoniu\/#organization","name":"Prim\u0103ria Municipiului Buz\u0103u","url":"https:\/\/primariabuzau.ro\/patrimoniu\/","logo":{"@type":"ImageObject","inLanguage":"en-US","@id":"https:\/\/primariabuzau.ro\/patrimoniu\/#\/schema\/logo\/image\/","url":"https:\/\/primariabuzau.ro\/patrimoniu\/wp-content\/uploads\/2022\/11\/Logo-Patrimoniu-Buzau.svg","contentUrl":"https:\/\/primariabuzau.ro\/patrimoniu\/wp-content\/uploads\/2022\/11\/Logo-Patrimoniu-Buzau.svg","caption":"Prim\u0103ria Municipiului Buz\u0103u"},"image":{"@id":"https:\/\/primariabuzau.ro\/patrimoniu\/#\/schema\/logo\/image\/"}}]}},"_links":{"self":[{"href":"https:\/\/primariabuzau.ro\/patrimoniu\/wp-json\/wp\/v2\/pages\/25","targetHints":{"allow":["GET"]}}],"collection":[{"href":"https:\/\/primariabuzau.ro\/patrimoniu\/wp-json\/wp\/v2\/pages"}],"about":[{"href":"https:\/\/primariabuzau.ro\/patrimoniu\/wp-json\/wp\/v2\/types\/page"}],"author":[{"embeddable":true,"href":"https:\/\/primariabuzau.ro\/patrimoniu\/wp-json\/wp\/v2\/users\/1"}],"replies":[{"embeddable":true,"href":"https:\/\/primariabuzau.ro\/patrimoniu\/wp-json\/wp\/v2\/comments?post=25"}],"version-history":[{"count":2,"href":"https:\/\/primariabuzau.ro\/patrimoniu\/wp-json\/wp\/v2\/pages\/25\/revisions"}],"predecessor-version":[{"id":143,"href":"https:\/\/primariabuzau.ro\/patrimoniu\/wp-json\/wp\/v2\/pages\/25\/revisions\/143"}],"wp:featuredmedia":[{"embeddable":true,"href":"https:\/\/primariabuzau.ro\/patrimoniu\/wp-json\/wp\/v2\/media\/151"}],"wp:attachment":[{"href":"https:\/\/primariabuzau.ro\/patrimoniu\/wp-json\/wp\/v2\/media?parent=25"}],"curies":[{"name":"wp","href":"https:\/\/api.w.org\/{rel}","templated":true}]}}